{"id":72,"date":"2025-02-27T16:13:36","date_gmt":"2025-02-27T15:13:36","guid":{"rendered":"https:\/\/www.yonafogiel.be\/?page_id=72"},"modified":"2026-01-12T17:58:00","modified_gmt":"2026-01-12T16:58:00","slug":"mon-offre","status":"publish","type":"page","link":"https:\/\/www.yonafogiel.be\/index.php\/mon-offre\/","title":{"rendered":"Coaching"},"content":{"rendered":"\n<p><strong>Coaching : Mental &amp; Conscience lib\u00e9r\u00e9s<\/strong><\/p>\n\n\n\n<p>Le coaching, c\u2019est un espace o\u00f9 l\u2019on avance ensemble, en toute confiance. Je ne viens pas donner des conseils ou des solutions toutes faites, mais je cr\u00e9e un cadre s\u00e9curisant, respectueux et ouvert, pour que vous puissiez explorer vos pens\u00e9es, vos id\u00e9es et vos envies.<\/p>\n\n\n\n<p>L\u2019id\u00e9e est simple : partir de ce qui ne vous convient plus aujourd\u2019hui et cheminer vers ce que vous souhaitez pour demain. \u00c0 travers le questionnement et parfois quelques outils de d\u00e9veloppement personnel, je vous accompagne dans une introspection profonde, pour que vous preniez conscience de vos ressources et de vos possibilit\u00e9s.<\/p>\n\n\n\n<p>Chaque s\u00e9ance est un moment de douceur et de discussion honn\u00eate et authentique, avec bienveillance et positivit\u00e9. L\u2019objectif est que vous repartiez avec des pistes concr\u00e8tes et des actions \u00e0 mettre en place.<\/p>\n\n\n\n<p>Le parcours est d\u00e9fini dans la dur\u00e9e, g\u00e9n\u00e9ralement 6 \u00e0 8 s\u00e9ances d\u2019environ une heure chacune, selon vos besoins et vos envies.<\/p>\n","protected":false},"excerpt":{"rendered":"<p>Coaching : Mental &amp; Conscience lib\u00e9r\u00e9s Le coaching, c\u2019est un espace o\u00f9 l\u2019on avance ensemble, en toute confiance. Je ne viens pas donner des conseils ou des solutions toutes faites, &hellip; <\/p>\n","protected":false},"author":1,"featured_media":0,"parent":0,"menu_order":0,"comment_status":"closed","ping_status":"closed","template":"","meta":{"footnotes":""},"class_list":["post-72","page","type-page","status-publish","hentry"],"yoast_head":"<!-- This site is optimized with the Yoast SEO plugin v24.5 - https:\/\/yoast.com\/wordpress\/plugins\/seo\/ -->\n<title>Coaching -<\/title>\n<meta name=\"robots\" content=\"index, follow, max-snippet:-1, max-image-preview:large, max-video-preview:-1\" \/>\n<link rel=\"canonical\" href=\"http:\/\/www.yonafogiel.be\/index.php\/mon-offre\/\" \/>\n<meta property=\"og:locale\" content=\"en_US\" \/>\n<meta property=\"og:type\" content=\"article\" \/>\n<meta property=\"og:title\" content=\"Coaching -\" \/>\n<meta property=\"og:description\" content=\"Coaching : Mental &amp; Conscience lib\u00e9r\u00e9s Le coaching, c\u2019est un espace o\u00f9 l\u2019on avance ensemble, en toute confiance. Je ne viens pas donner des conseils ou des solutions toutes faites, &hellip;\" \/>\n<meta property=\"og:url\" content=\"http:\/\/www.yonafogiel.be\/index.php\/mon-offre\/\" \/>\n<meta property=\"article:modified_time\" content=\"2026-01-12T16:58:00+00:00\" \/>\n<meta name=\"twitter:card\" content=\"summary_large_image\" \/>\n<meta name=\"twitter:label1\" content=\"Est. reading time\" \/>\n\t<meta name=\"twitter:data1\" content=\"1 minute\" \/>\n<script type=\"application\/ld+json\" class=\"yoast-schema-graph\">{\"@context\":\"https:\/\/schema.org\",\"@graph\":[{\"@type\":\"WebPage\",\"@id\":\"http:\/\/www.yonafogiel.be\/index.php\/mon-offre\/\",\"url\":\"http:\/\/www.yonafogiel.be\/index.php\/mon-offre\/\",\"name\":\"Coaching -\",\"isPartOf\":{\"@id\":\"https:\/\/www.yonafogiel.be\/#website\"},\"datePublished\":\"2025-02-27T15:13:36+00:00\",\"dateModified\":\"2026-01-12T16:58:00+00:00\",\"breadcrumb\":{\"@id\":\"http:\/\/www.yonafogiel.be\/index.php\/mon-offre\/#breadcrumb\"},\"inLanguage\":\"en-US\",\"potentialAction\":[{\"@type\":\"ReadAction\",\"target\":[\"http:\/\/www.yonafogiel.be\/index.php\/mon-offre\/\"]}]},{\"@type\":\"BreadcrumbList\",\"@id\":\"http:\/\/www.yonafogiel.be\/index.php\/mon-offre\/#breadcrumb\",\"itemListElement\":[{\"@type\":\"ListItem\",\"position\":1,\"name\":\"Accueil\",\"item\":\"https:\/\/www.yonafogiel.be\/\"},{\"@type\":\"ListItem\",\"position\":2,\"name\":\"Coaching\"}]},{\"@type\":\"WebSite\",\"@id\":\"https:\/\/www.yonafogiel.be\/#website\",\"url\":\"https:\/\/www.yonafogiel.be\/\",\"name\":\"\",\"description\":\"\",\"potentialAction\":[{\"@type\":\"SearchAction\",\"target\":{\"@type\":\"EntryPoint\",\"urlTemplate\":\"https:\/\/www.yonafogiel.be\/?s={search_term_string}\"},\"query-input\":{\"@type\":\"PropertyValueSpecification\",\"valueRequired\":true,\"valueName\":\"search_term_string\"}}],\"inLanguage\":\"en-US\"}]}<\/script>\n<!-- \/ Yoast SEO plugin. -->","yoast_head_json":{"title":"Coaching -","robots":{"index":"index","follow":"follow","max-snippet":"max-snippet:-1","max-image-preview":"max-image-preview:large","max-video-preview":"max-video-preview:-1"},"canonical":"http:\/\/www.yonafogiel.be\/index.php\/mon-offre\/","og_locale":"en_US","og_type":"article","og_title":"Coaching -","og_description":"Coaching : Mental &amp; Conscience lib\u00e9r\u00e9s Le coaching, c\u2019est un espace o\u00f9 l\u2019on avance ensemble, en toute confiance. Je ne viens pas donner des conseils ou des solutions toutes faites, &hellip;","og_url":"http:\/\/www.yonafogiel.be\/index.php\/mon-offre\/","article_modified_time":"2026-01-12T16:58:00+00:00","twitter_card":"summary_large_image","twitter_misc":{"Est. reading time":"1 minute"},"schema":{"@context":"https:\/\/schema.org","@graph":[{"@type":"WebPage","@id":"http:\/\/www.yonafogiel.be\/index.php\/mon-offre\/","url":"http:\/\/www.yonafogiel.be\/index.php\/mon-offre\/","name":"Coaching -","isPartOf":{"@id":"https:\/\/www.yonafogiel.be\/#website"},"datePublished":"2025-02-27T15:13:36+00:00","dateModified":"2026-01-12T16:58:00+00:00","breadcrumb":{"@id":"http:\/\/www.yonafogiel.be\/index.php\/mon-offre\/#breadcrumb"},"inLanguage":"en-US","potentialAction":[{"@type":"ReadAction","target":["http:\/\/www.yonafogiel.be\/index.php\/mon-offre\/"]}]},{"@type":"BreadcrumbList","@id":"http:\/\/www.yonafogiel.be\/index.php\/mon-offre\/#breadcrumb","itemListElement":[{"@type":"ListItem","position":1,"name":"Accueil","item":"https:\/\/www.yonafogiel.be\/"},{"@type":"ListItem","position":2,"name":"Coaching"}]},{"@type":"WebSite","@id":"https:\/\/www.yonafogiel.be\/#website","url":"https:\/\/www.yonafogiel.be\/","name":"","description":"","potentialAction":[{"@type":"SearchAction","target":{"@type":"EntryPoint","urlTemplate":"https:\/\/www.yonafogiel.be\/?s={search_term_string}"},"query-input":{"@type":"PropertyValueSpecification","valueRequired":true,"valueName":"search_term_string"}}],"inLanguage":"en-US"}]}},"_links":{"self":[{"href":"https:\/\/www.yonafogiel.be\/index.php\/wp-json\/wp\/v2\/pages\/72","targetHints":{"allow":["GET"]}}],"collection":[{"href":"https:\/\/www.yonafogiel.be\/index.php\/wp-json\/wp\/v2\/pages"}],"about":[{"href":"https:\/\/www.yonafogiel.be\/index.php\/wp-json\/wp\/v2\/types\/page"}],"author":[{"embeddable":true,"href":"https:\/\/www.yonafogiel.be\/index.php\/wp-json\/wp\/v2\/users\/1"}],"replies":[{"embeddable":true,"href":"https:\/\/www.yonafogiel.be\/index.php\/wp-json\/wp\/v2\/comments?post=72"}],"version-history":[{"count":7,"href":"https:\/\/www.yonafogiel.be\/index.php\/wp-json\/wp\/v2\/pages\/72\/revisions"}],"predecessor-version":[{"id":176,"href":"https:\/\/www.yonafogiel.be\/index.php\/wp-json\/wp\/v2\/pages\/72\/revisions\/176"}],"wp:attachment":[{"href":"https:\/\/www.yonafogiel.be\/index.php\/wp-json\/wp\/v2\/media?parent=72"}],"curies":[{"name":"wp","href":"https:\/\/api.w.org\/{rel}","templated":true}]}}