{"id":52,"date":"2025-02-27T12:26:55","date_gmt":"2025-02-27T11:26:55","guid":{"rendered":"https:\/\/www.yonafogiel.be\/?page_id=52"},"modified":"2026-01-12T17:55:36","modified_gmt":"2026-01-12T16:55:36","slug":"pour-qui","status":"publish","type":"page","link":"https:\/\/www.yonafogiel.be\/index.php\/pour-qui\/","title":{"rendered":"Massage du corps"},"content":{"rendered":"\n<p><strong><strong>Massage du corps : d\u00e9tente et \u00e9nergie<\/strong><\/strong><\/p>\n\n\n\n<p>Mon massage s\u2019inspire de l\u2019Abhyanga, cet art venu du nord de l\u2019Inde, qui a travers\u00e9 les si\u00e8cles et s\u2019adapte aujourd\u2019hui \u00e0 chacun selon ses besoins. Il puise ses racines dans l\u2019Ayurv\u00e9da, cette m\u00e9decine sacr\u00e9e vieille de plus de 4000 ans, qui c\u00e9l\u00e8bre le corps, l\u2019\u00e9nergie et l\u2019\u00e9quilibre vital.<\/p>\n\n\n\n<p>Le massage enveloppe le corps et l\u2019esprit. Il rel\u00e2che les tensions, assouplit les articulations, stimule la circulation et apporte une sensation de l\u00e9g\u00e8ret\u00e9 et de vitalit\u00e9.<\/p>\n\n\n\n<p>Les touchers sont vari\u00e9s et compl\u00e9mentaires : effleurages, lissages, pressions, frictions et \u00e9tirements, en alternant douceur et profondeur, selon ce que votre corps r\u00e9clame \u00e0 chaque instant. L\u2019huile utilis\u00e9e peut \u00eatre chaude ou temp\u00e9r\u00e9e, nourrissante et agr\u00e9able, selon le moment et vos besoins.<\/p>\n\n\n\n<p>Au\u2011del\u00e0 du corps, le massage installe un apaisement int\u00e9rieur. Le stress et l\u2019anxi\u00e9t\u00e9 s\u2019\u00e9loignent, les \u00e9motions retrouvent un \u00e9quilibre, et une clart\u00e9 douce s\u2019installe. On repart avec cette sensation de pl\u00e9nitude, de d\u00e9tente et d\u2019\u00e9nergie, un peu plus connect\u00e9 \u00e0 soi, ici et maintenant.<\/p>\n","protected":false},"excerpt":{"rendered":"<p>Massage du corps : d\u00e9tente et \u00e9nergie Mon massage s\u2019inspire de l\u2019Abhyanga, cet art venu du nord de l\u2019Inde, qui a travers\u00e9 les si\u00e8cles et s\u2019adapte aujourd\u2019hui \u00e0 chacun selon &hellip; <\/p>\n","protected":false},"author":1,"featured_media":0,"parent":0,"menu_order":0,"comment_status":"closed","ping_status":"closed","template":"","meta":{"footnotes":""},"class_list":["post-52","page","type-page","status-publish","hentry"],"yoast_head":"<!-- This site is optimized with the Yoast SEO plugin v24.5 - https:\/\/yoast.com\/wordpress\/plugins\/seo\/ -->\n<title>Massage du corps -<\/title>\n<meta name=\"robots\" content=\"index, follow, max-snippet:-1, max-image-preview:large, max-video-preview:-1\" \/>\n<link rel=\"canonical\" href=\"https:\/\/www.yonafogiel.be\/index.php\/pour-qui\/\" \/>\n<meta property=\"og:locale\" content=\"en_US\" \/>\n<meta property=\"og:type\" content=\"article\" \/>\n<meta property=\"og:title\" content=\"Massage du corps -\" \/>\n<meta property=\"og:description\" content=\"Massage du corps : d\u00e9tente et \u00e9nergie Mon massage s\u2019inspire de l\u2019Abhyanga, cet art venu du nord de l\u2019Inde, qui a travers\u00e9 les si\u00e8cles et s\u2019adapte aujourd\u2019hui \u00e0 chacun selon &hellip;\" \/>\n<meta property=\"og:url\" content=\"https:\/\/www.yonafogiel.be\/index.php\/pour-qui\/\" \/>\n<meta property=\"article:modified_time\" content=\"2026-01-12T16:55:36+00:00\" \/>\n<meta name=\"twitter:card\" content=\"summary_large_image\" \/>\n<meta name=\"twitter:label1\" content=\"Est. reading time\" \/>\n\t<meta name=\"twitter:data1\" content=\"1 minute\" \/>\n<script type=\"application\/ld+json\" class=\"yoast-schema-graph\">{\"@context\":\"https:\/\/schema.org\",\"@graph\":[{\"@type\":\"WebPage\",\"@id\":\"https:\/\/www.yonafogiel.be\/index.php\/pour-qui\/\",\"url\":\"https:\/\/www.yonafogiel.be\/index.php\/pour-qui\/\",\"name\":\"Massage du corps -\",\"isPartOf\":{\"@id\":\"https:\/\/www.yonafogiel.be\/#website\"},\"datePublished\":\"2025-02-27T11:26:55+00:00\",\"dateModified\":\"2026-01-12T16:55:36+00:00\",\"breadcrumb\":{\"@id\":\"https:\/\/www.yonafogiel.be\/index.php\/pour-qui\/#breadcrumb\"},\"inLanguage\":\"en-US\",\"potentialAction\":[{\"@type\":\"ReadAction\",\"target\":[\"https:\/\/www.yonafogiel.be\/index.php\/pour-qui\/\"]}]},{\"@type\":\"BreadcrumbList\",\"@id\":\"https:\/\/www.yonafogiel.be\/index.php\/pour-qui\/#breadcrumb\",\"itemListElement\":[{\"@type\":\"ListItem\",\"position\":1,\"name\":\"Accueil\",\"item\":\"https:\/\/www.yonafogiel.be\/\"},{\"@type\":\"ListItem\",\"position\":2,\"name\":\"Massage du corps\"}]},{\"@type\":\"WebSite\",\"@id\":\"https:\/\/www.yonafogiel.be\/#website\",\"url\":\"https:\/\/www.yonafogiel.be\/\",\"name\":\"\",\"description\":\"\",\"potentialAction\":[{\"@type\":\"SearchAction\",\"target\":{\"@type\":\"EntryPoint\",\"urlTemplate\":\"https:\/\/www.yonafogiel.be\/?s={search_term_string}\"},\"query-input\":{\"@type\":\"PropertyValueSpecification\",\"valueRequired\":true,\"valueName\":\"search_term_string\"}}],\"inLanguage\":\"en-US\"}]}<\/script>\n<!-- \/ Yoast SEO plugin. -->","yoast_head_json":{"title":"Massage du corps -","robots":{"index":"index","follow":"follow","max-snippet":"max-snippet:-1","max-image-preview":"max-image-preview:large","max-video-preview":"max-video-preview:-1"},"canonical":"https:\/\/www.yonafogiel.be\/index.php\/pour-qui\/","og_locale":"en_US","og_type":"article","og_title":"Massage du corps -","og_description":"Massage du corps : d\u00e9tente et \u00e9nergie Mon massage s\u2019inspire de l\u2019Abhyanga, cet art venu du nord de l\u2019Inde, qui a travers\u00e9 les si\u00e8cles et s\u2019adapte aujourd\u2019hui \u00e0 chacun selon &hellip;","og_url":"https:\/\/www.yonafogiel.be\/index.php\/pour-qui\/","article_modified_time":"2026-01-12T16:55:36+00:00","twitter_card":"summary_large_image","twitter_misc":{"Est. reading time":"1 minute"},"schema":{"@context":"https:\/\/schema.org","@graph":[{"@type":"WebPage","@id":"https:\/\/www.yonafogiel.be\/index.php\/pour-qui\/","url":"https:\/\/www.yonafogiel.be\/index.php\/pour-qui\/","name":"Massage du corps -","isPartOf":{"@id":"https:\/\/www.yonafogiel.be\/#website"},"datePublished":"2025-02-27T11:26:55+00:00","dateModified":"2026-01-12T16:55:36+00:00","breadcrumb":{"@id":"https:\/\/www.yonafogiel.be\/index.php\/pour-qui\/#breadcrumb"},"inLanguage":"en-US","potentialAction":[{"@type":"ReadAction","target":["https:\/\/www.yonafogiel.be\/index.php\/pour-qui\/"]}]},{"@type":"BreadcrumbList","@id":"https:\/\/www.yonafogiel.be\/index.php\/pour-qui\/#breadcrumb","itemListElement":[{"@type":"ListItem","position":1,"name":"Accueil","item":"https:\/\/www.yonafogiel.be\/"},{"@type":"ListItem","position":2,"name":"Massage du corps"}]},{"@type":"WebSite","@id":"https:\/\/www.yonafogiel.be\/#website","url":"https:\/\/www.yonafogiel.be\/","name":"","description":"","potentialAction":[{"@type":"SearchAction","target":{"@type":"EntryPoint","urlTemplate":"https:\/\/www.yonafogiel.be\/?s={search_term_string}"},"query-input":{"@type":"PropertyValueSpecification","valueRequired":true,"valueName":"search_term_string"}}],"inLanguage":"en-US"}]}},"_links":{"self":[{"href":"https:\/\/www.yonafogiel.be\/index.php\/wp-json\/wp\/v2\/pages\/52","targetHints":{"allow":["GET"]}}],"collection":[{"href":"https:\/\/www.yonafogiel.be\/index.php\/wp-json\/wp\/v2\/pages"}],"about":[{"href":"https:\/\/www.yonafogiel.be\/index.php\/wp-json\/wp\/v2\/types\/page"}],"author":[{"embeddable":true,"href":"https:\/\/www.yonafogiel.be\/index.php\/wp-json\/wp\/v2\/users\/1"}],"replies":[{"embeddable":true,"href":"https:\/\/www.yonafogiel.be\/index.php\/wp-json\/wp\/v2\/comments?post=52"}],"version-history":[{"count":7,"href":"https:\/\/www.yonafogiel.be\/index.php\/wp-json\/wp\/v2\/pages\/52\/revisions"}],"predecessor-version":[{"id":173,"href":"https:\/\/www.yonafogiel.be\/index.php\/wp-json\/wp\/v2\/pages\/52\/revisions\/173"}],"wp:attachment":[{"href":"https:\/\/www.yonafogiel.be\/index.php\/wp-json\/wp\/v2\/media?parent=52"}],"curies":[{"name":"wp","href":"https:\/\/api.w.org\/{rel}","templated":true}]}}