{"id":219,"date":"2026-05-06T12:20:59","date_gmt":"2026-05-06T10:20:59","guid":{"rendered":"https:\/\/www.yonafogiel.be\/?page_id=219"},"modified":"2026-05-06T12:51:39","modified_gmt":"2026-05-06T10:51:39","slug":"a-propos","status":"publish","type":"page","link":"https:\/\/www.yonafogiel.be\/index.php\/a-propos\/","title":{"rendered":"\u00c0 propos"},"content":{"rendered":"\n<h1 class=\"wp-block-heading\">\ud83c\udf3f Je suis devenue Yona<\/h1>\n\n\n\n<p>Petite, j\u2019\u00e9tais une enfant r\u00e9serv\u00e9e.<br>Je me sentais souvent \u00e0 c\u00f4t\u00e9, diff\u00e9rente, sans vraiment comprendre o\u00f9 \u00e9tait ma place.<\/p>\n\n\n\n<p>Je me comparais beaucoup aux autres.<br>Et \u00e0 l\u2019int\u00e9rieur, une question revenait souvent :<br><em>\u201cPourquoi eux, et pas moi ?\u201d<\/em><\/p>\n\n\n\n<p>En grandissant, j\u2019ai avanc\u00e9 sans v\u00e9ritable rep\u00e8re int\u00e9rieur.<br>Je faisais des choix, mais souvent en fonction de l\u2019ext\u00e9rieur plut\u00f4t qu\u2019en fonction de moi.<\/p>\n\n\n\n<p>Comme si j\u2019\u00e9tais d\u00e9connect\u00e9e de mon propre corps, de mes propres besoins.<\/p>\n\n\n\n<p>Pendant des ann\u00e9es, j\u2019ai d\u00e9pass\u00e9 mes limites.<br>Pour \u00eatre \u00e0 la hauteur. Pour \u00eatre accept\u00e9e. Pour ne pas d\u00e9cevoir.<\/p>\n\n\n\n<p>Petit \u00e0 petit, cet effort constant m\u2019a \u00e9puis\u00e9e, autant physiquement qu\u2019\u00e9motionnellement, jusqu\u2019au burnout.<\/p>\n\n\n\n<p>Un \u00e9tat de vide, de fatigue profonde, et de perte de sens.<\/p>\n\n\n\n<p>C\u2019est \u00e0 ce moment-l\u00e0 qu\u2019un premier pas s\u2019est ouvert.<\/p>\n\n\n\n<p>On m\u2019a parl\u00e9 du Kundalini yoga. J\u2019\u00e9tais sceptique, mais j\u2019ai essay\u00e9.<\/p>\n\n\n\n<p>Et quelque chose a boug\u00e9.<\/p>\n\n\n\n<p>Pendant les s\u00e9ances, j\u2019ai commenc\u00e9 \u00e0 ressentir mon corps autrement.<br>\u00c0 respirer diff\u00e9remment. \u00c0 pleurer aussi, beaucoup.<\/p>\n\n\n\n<p>Mais surtout : \u00e0 revenir \u00e0 moi.<\/p>\n\n\n\n<p>J\u2019ai ensuite poursuivi avec d\u2019autres formations en yoga, en coaching et en massage.<\/p>\n\n\n\n<p>Peu \u00e0 peu, j\u2019ai compris quelque chose de simple mais essentiel :<br>se retrouver ne passe pas uniquement par la r\u00e9flexion, mais par l\u2019exp\u00e9rience du corps, du souffle et du ressenti.<\/p>\n\n\n\n<p>Aujourd\u2019hui, je suis Yona.<\/p>\n\n\n\n<p>J\u2019accompagne des personnes qui se reconnaissent dans ce parcours :<br>celles qui sont fatigu\u00e9es de tenir, de s\u2019adapter, de lutter en silence.<\/p>\n\n\n\n<p>Des personnes qui ont besoin d\u2019un espace pour ralentir, se reconnecter, et revenir \u00e0 elles-m\u00eames \u2014 simplement, concr\u00e8tement, \u00e0 travers le corps.<\/p>\n","protected":false},"excerpt":{"rendered":"<p>\ud83c\udf3f Je suis devenue Yona Petite, j\u2019\u00e9tais une enfant r\u00e9serv\u00e9e.Je me sentais souvent \u00e0 c\u00f4t\u00e9, diff\u00e9rente, sans vraiment comprendre o\u00f9 \u00e9tait ma place. Je me comparais beaucoup aux autres.Et \u00e0 &hellip; <\/p>\n","protected":false},"author":1,"featured_media":0,"parent":0,"menu_order":0,"comment_status":"closed","ping_status":"closed","template":"","meta":{"footnotes":""},"class_list":["post-219","page","type-page","status-publish","hentry"],"yoast_head":"<!-- This site is optimized with the Yoast SEO plugin v24.5 - https:\/\/yoast.com\/wordpress\/plugins\/seo\/ -->\n<title>\u00c0 propos -<\/title>\n<meta name=\"robots\" content=\"index, follow, max-snippet:-1, max-image-preview:large, max-video-preview:-1\" \/>\n<link rel=\"canonical\" href=\"https:\/\/www.yonafogiel.be\/index.php\/a-propos\/\" \/>\n<meta property=\"og:locale\" content=\"en_US\" \/>\n<meta property=\"og:type\" content=\"article\" \/>\n<meta property=\"og:title\" content=\"\u00c0 propos -\" \/>\n<meta property=\"og:description\" content=\"\ud83c\udf3f Je suis devenue Yona Petite, j\u2019\u00e9tais une enfant r\u00e9serv\u00e9e.Je me sentais souvent \u00e0 c\u00f4t\u00e9, diff\u00e9rente, sans vraiment comprendre o\u00f9 \u00e9tait ma place. Je me comparais beaucoup aux autres.Et \u00e0 &hellip;\" \/>\n<meta property=\"og:url\" content=\"https:\/\/www.yonafogiel.be\/index.php\/a-propos\/\" \/>\n<meta property=\"article:modified_time\" content=\"2026-05-06T10:51:39+00:00\" \/>\n<meta name=\"twitter:card\" content=\"summary_large_image\" \/>\n<meta name=\"twitter:label1\" content=\"Est. reading time\" \/>\n\t<meta name=\"twitter:data1\" content=\"2 minutes\" \/>\n<script type=\"application\/ld+json\" class=\"yoast-schema-graph\">{\"@context\":\"https:\/\/schema.org\",\"@graph\":[{\"@type\":\"WebPage\",\"@id\":\"https:\/\/www.yonafogiel.be\/index.php\/a-propos\/\",\"url\":\"https:\/\/www.yonafogiel.be\/index.php\/a-propos\/\",\"name\":\"\u00c0 propos -\",\"isPartOf\":{\"@id\":\"https:\/\/www.yonafogiel.be\/#website\"},\"datePublished\":\"2026-05-06T10:20:59+00:00\",\"dateModified\":\"2026-05-06T10:51:39+00:00\",\"breadcrumb\":{\"@id\":\"https:\/\/www.yonafogiel.be\/index.php\/a-propos\/#breadcrumb\"},\"inLanguage\":\"en-US\",\"potentialAction\":[{\"@type\":\"ReadAction\",\"target\":[\"https:\/\/www.yonafogiel.be\/index.php\/a-propos\/\"]}]},{\"@type\":\"BreadcrumbList\",\"@id\":\"https:\/\/www.yonafogiel.be\/index.php\/a-propos\/#breadcrumb\",\"itemListElement\":[{\"@type\":\"ListItem\",\"position\":1,\"name\":\"Accueil\",\"item\":\"https:\/\/www.yonafogiel.be\/\"},{\"@type\":\"ListItem\",\"position\":2,\"name\":\"\u00c0 propos\"}]},{\"@type\":\"WebSite\",\"@id\":\"https:\/\/www.yonafogiel.be\/#website\",\"url\":\"https:\/\/www.yonafogiel.be\/\",\"name\":\"\",\"description\":\"\",\"potentialAction\":[{\"@type\":\"SearchAction\",\"target\":{\"@type\":\"EntryPoint\",\"urlTemplate\":\"https:\/\/www.yonafogiel.be\/?s={search_term_string}\"},\"query-input\":{\"@type\":\"PropertyValueSpecification\",\"valueRequired\":true,\"valueName\":\"search_term_string\"}}],\"inLanguage\":\"en-US\"}]}<\/script>\n<!-- \/ Yoast SEO plugin. -->","yoast_head_json":{"title":"\u00c0 propos -","robots":{"index":"index","follow":"follow","max-snippet":"max-snippet:-1","max-image-preview":"max-image-preview:large","max-video-preview":"max-video-preview:-1"},"canonical":"https:\/\/www.yonafogiel.be\/index.php\/a-propos\/","og_locale":"en_US","og_type":"article","og_title":"\u00c0 propos -","og_description":"\ud83c\udf3f Je suis devenue Yona Petite, j\u2019\u00e9tais une enfant r\u00e9serv\u00e9e.Je me sentais souvent \u00e0 c\u00f4t\u00e9, diff\u00e9rente, sans vraiment comprendre o\u00f9 \u00e9tait ma place. Je me comparais beaucoup aux autres.Et \u00e0 &hellip;","og_url":"https:\/\/www.yonafogiel.be\/index.php\/a-propos\/","article_modified_time":"2026-05-06T10:51:39+00:00","twitter_card":"summary_large_image","twitter_misc":{"Est. reading time":"2 minutes"},"schema":{"@context":"https:\/\/schema.org","@graph":[{"@type":"WebPage","@id":"https:\/\/www.yonafogiel.be\/index.php\/a-propos\/","url":"https:\/\/www.yonafogiel.be\/index.php\/a-propos\/","name":"\u00c0 propos -","isPartOf":{"@id":"https:\/\/www.yonafogiel.be\/#website"},"datePublished":"2026-05-06T10:20:59+00:00","dateModified":"2026-05-06T10:51:39+00:00","breadcrumb":{"@id":"https:\/\/www.yonafogiel.be\/index.php\/a-propos\/#breadcrumb"},"inLanguage":"en-US","potentialAction":[{"@type":"ReadAction","target":["https:\/\/www.yonafogiel.be\/index.php\/a-propos\/"]}]},{"@type":"BreadcrumbList","@id":"https:\/\/www.yonafogiel.be\/index.php\/a-propos\/#breadcrumb","itemListElement":[{"@type":"ListItem","position":1,"name":"Accueil","item":"https:\/\/www.yonafogiel.be\/"},{"@type":"ListItem","position":2,"name":"\u00c0 propos"}]},{"@type":"WebSite","@id":"https:\/\/www.yonafogiel.be\/#website","url":"https:\/\/www.yonafogiel.be\/","name":"","description":"","potentialAction":[{"@type":"SearchAction","target":{"@type":"EntryPoint","urlTemplate":"https:\/\/www.yonafogiel.be\/?s={search_term_string}"},"query-input":{"@type":"PropertyValueSpecification","valueRequired":true,"valueName":"search_term_string"}}],"inLanguage":"en-US"}]}},"_links":{"self":[{"href":"https:\/\/www.yonafogiel.be\/index.php\/wp-json\/wp\/v2\/pages\/219","targetHints":{"allow":["GET"]}}],"collection":[{"href":"https:\/\/www.yonafogiel.be\/index.php\/wp-json\/wp\/v2\/pages"}],"about":[{"href":"https:\/\/www.yonafogiel.be\/index.php\/wp-json\/wp\/v2\/types\/page"}],"author":[{"embeddable":true,"href":"https:\/\/www.yonafogiel.be\/index.php\/wp-json\/wp\/v2\/users\/1"}],"replies":[{"embeddable":true,"href":"https:\/\/www.yonafogiel.be\/index.php\/wp-json\/wp\/v2\/comments?post=219"}],"version-history":[{"count":2,"href":"https:\/\/www.yonafogiel.be\/index.php\/wp-json\/wp\/v2\/pages\/219\/revisions"}],"predecessor-version":[{"id":240,"href":"https:\/\/www.yonafogiel.be\/index.php\/wp-json\/wp\/v2\/pages\/219\/revisions\/240"}],"wp:attachment":[{"href":"https:\/\/www.yonafogiel.be\/index.php\/wp-json\/wp\/v2\/media?parent=219"}],"curies":[{"name":"wp","href":"https:\/\/api.w.org\/{rel}","templated":true}]}}