{"id":108,"date":"2025-03-20T19:37:12","date_gmt":"2025-03-20T18:37:12","guid":{"rendered":"https:\/\/www.yonafogiel.be\/?page_id=108"},"modified":"2026-01-12T17:56:36","modified_gmt":"2026-01-12T16:56:36","slug":"massage-assis","status":"publish","type":"page","link":"https:\/\/www.yonafogiel.be\/index.php\/massage-assis\/","title":{"rendered":"Massage assis en entreprise"},"content":{"rendered":"\n<p><strong>Massage assis en entreprise : pause bien-\u00eatre<\/strong><\/p>\n\n\n\n<p>Offrez \u00e0 vos \u00e9quipes un vrai moment pour souffler.<br>En seulement 20 minutes, le massage assis Amma aide \u00e0 rel\u00e2cher les tensions du dos, des \u00e9paules et de la nuque, \u00e0 r\u00e9duire le stress, et \u00e0 retrouver un souffle et une \u00e9nergie plus claire.<\/p>\n\n\n\n<p>R\u00e9alis\u00e9 sur chaise, ce massage rapide et pr\u00e9cis apporte d\u00e9tente et l\u00e9g\u00e8ret\u00e9. Vos collaborateurs repartent plus concentr\u00e9s, apais\u00e9s et motiv\u00e9s. C\u2019est une mani\u00e8re simple et douce de prendre soin de leur bien-\u00eatre au travail, tout en am\u00e9liorant circulation et posture.<\/p>\n\n\n\n<p>Originaire du Japon, le massage Amma est une technique mill\u00e9naire, efficace et respectueuse du corps, qui touche autant le corps que l\u2019esprit, m\u00eame en quelques minutes.<\/p>\n","protected":false},"excerpt":{"rendered":"<p>Massage assis en entreprise : pause bien-\u00eatre Offrez \u00e0 vos \u00e9quipes un vrai moment pour souffler.En seulement 20 minutes, le massage assis Amma aide \u00e0 rel\u00e2cher les tensions du dos, &hellip; <\/p>\n","protected":false},"author":1,"featured_media":0,"parent":0,"menu_order":0,"comment_status":"closed","ping_status":"closed","template":"","meta":{"footnotes":""},"class_list":["post-108","page","type-page","status-publish","hentry"],"yoast_head":"<!-- This site is optimized with the Yoast SEO plugin v24.5 - https:\/\/yoast.com\/wordpress\/plugins\/seo\/ -->\n<title>Massage assis en entreprise -<\/title>\n<meta name=\"robots\" content=\"index, follow, max-snippet:-1, max-image-preview:large, max-video-preview:-1\" \/>\n<link rel=\"canonical\" href=\"https:\/\/www.yonafogiel.be\/index.php\/massage-assis\/\" \/>\n<meta property=\"og:locale\" content=\"en_US\" \/>\n<meta property=\"og:type\" content=\"article\" \/>\n<meta property=\"og:title\" content=\"Massage assis en entreprise -\" \/>\n<meta property=\"og:description\" content=\"Massage assis en entreprise : pause bien-\u00eatre Offrez \u00e0 vos \u00e9quipes un vrai moment pour souffler.En seulement 20 minutes, le massage assis Amma aide \u00e0 rel\u00e2cher les tensions du dos, &hellip;\" \/>\n<meta property=\"og:url\" content=\"https:\/\/www.yonafogiel.be\/index.php\/massage-assis\/\" \/>\n<meta property=\"article:modified_time\" content=\"2026-01-12T16:56:36+00:00\" \/>\n<meta name=\"twitter:card\" content=\"summary_large_image\" \/>\n<meta name=\"twitter:label1\" content=\"Est. reading time\" \/>\n\t<meta name=\"twitter:data1\" content=\"1 minute\" \/>\n<script type=\"application\/ld+json\" class=\"yoast-schema-graph\">{\"@context\":\"https:\/\/schema.org\",\"@graph\":[{\"@type\":\"WebPage\",\"@id\":\"https:\/\/www.yonafogiel.be\/index.php\/massage-assis\/\",\"url\":\"https:\/\/www.yonafogiel.be\/index.php\/massage-assis\/\",\"name\":\"Massage assis en entreprise -\",\"isPartOf\":{\"@id\":\"https:\/\/www.yonafogiel.be\/#website\"},\"datePublished\":\"2025-03-20T18:37:12+00:00\",\"dateModified\":\"2026-01-12T16:56:36+00:00\",\"breadcrumb\":{\"@id\":\"https:\/\/www.yonafogiel.be\/index.php\/massage-assis\/#breadcrumb\"},\"inLanguage\":\"en-US\",\"potentialAction\":[{\"@type\":\"ReadAction\",\"target\":[\"https:\/\/www.yonafogiel.be\/index.php\/massage-assis\/\"]}]},{\"@type\":\"BreadcrumbList\",\"@id\":\"https:\/\/www.yonafogiel.be\/index.php\/massage-assis\/#breadcrumb\",\"itemListElement\":[{\"@type\":\"ListItem\",\"position\":1,\"name\":\"Accueil\",\"item\":\"https:\/\/www.yonafogiel.be\/\"},{\"@type\":\"ListItem\",\"position\":2,\"name\":\"Massage assis en entreprise\"}]},{\"@type\":\"WebSite\",\"@id\":\"https:\/\/www.yonafogiel.be\/#website\",\"url\":\"https:\/\/www.yonafogiel.be\/\",\"name\":\"\",\"description\":\"\",\"potentialAction\":[{\"@type\":\"SearchAction\",\"target\":{\"@type\":\"EntryPoint\",\"urlTemplate\":\"https:\/\/www.yonafogiel.be\/?s={search_term_string}\"},\"query-input\":{\"@type\":\"PropertyValueSpecification\",\"valueRequired\":true,\"valueName\":\"search_term_string\"}}],\"inLanguage\":\"en-US\"}]}<\/script>\n<!-- \/ Yoast SEO plugin. -->","yoast_head_json":{"title":"Massage assis en entreprise -","robots":{"index":"index","follow":"follow","max-snippet":"max-snippet:-1","max-image-preview":"max-image-preview:large","max-video-preview":"max-video-preview:-1"},"canonical":"https:\/\/www.yonafogiel.be\/index.php\/massage-assis\/","og_locale":"en_US","og_type":"article","og_title":"Massage assis en entreprise -","og_description":"Massage assis en entreprise : pause bien-\u00eatre Offrez \u00e0 vos \u00e9quipes un vrai moment pour souffler.En seulement 20 minutes, le massage assis Amma aide \u00e0 rel\u00e2cher les tensions du dos, &hellip;","og_url":"https:\/\/www.yonafogiel.be\/index.php\/massage-assis\/","article_modified_time":"2026-01-12T16:56:36+00:00","twitter_card":"summary_large_image","twitter_misc":{"Est. reading time":"1 minute"},"schema":{"@context":"https:\/\/schema.org","@graph":[{"@type":"WebPage","@id":"https:\/\/www.yonafogiel.be\/index.php\/massage-assis\/","url":"https:\/\/www.yonafogiel.be\/index.php\/massage-assis\/","name":"Massage assis en entreprise -","isPartOf":{"@id":"https:\/\/www.yonafogiel.be\/#website"},"datePublished":"2025-03-20T18:37:12+00:00","dateModified":"2026-01-12T16:56:36+00:00","breadcrumb":{"@id":"https:\/\/www.yonafogiel.be\/index.php\/massage-assis\/#breadcrumb"},"inLanguage":"en-US","potentialAction":[{"@type":"ReadAction","target":["https:\/\/www.yonafogiel.be\/index.php\/massage-assis\/"]}]},{"@type":"BreadcrumbList","@id":"https:\/\/www.yonafogiel.be\/index.php\/massage-assis\/#breadcrumb","itemListElement":[{"@type":"ListItem","position":1,"name":"Accueil","item":"https:\/\/www.yonafogiel.be\/"},{"@type":"ListItem","position":2,"name":"Massage assis en entreprise"}]},{"@type":"WebSite","@id":"https:\/\/www.yonafogiel.be\/#website","url":"https:\/\/www.yonafogiel.be\/","name":"","description":"","potentialAction":[{"@type":"SearchAction","target":{"@type":"EntryPoint","urlTemplate":"https:\/\/www.yonafogiel.be\/?s={search_term_string}"},"query-input":{"@type":"PropertyValueSpecification","valueRequired":true,"valueName":"search_term_string"}}],"inLanguage":"en-US"}]}},"_links":{"self":[{"href":"https:\/\/www.yonafogiel.be\/index.php\/wp-json\/wp\/v2\/pages\/108","targetHints":{"allow":["GET"]}}],"collection":[{"href":"https:\/\/www.yonafogiel.be\/index.php\/wp-json\/wp\/v2\/pages"}],"about":[{"href":"https:\/\/www.yonafogiel.be\/index.php\/wp-json\/wp\/v2\/types\/page"}],"author":[{"embeddable":true,"href":"https:\/\/www.yonafogiel.be\/index.php\/wp-json\/wp\/v2\/users\/1"}],"replies":[{"embeddable":true,"href":"https:\/\/www.yonafogiel.be\/index.php\/wp-json\/wp\/v2\/comments?post=108"}],"version-history":[{"count":5,"href":"https:\/\/www.yonafogiel.be\/index.php\/wp-json\/wp\/v2\/pages\/108\/revisions"}],"predecessor-version":[{"id":174,"href":"https:\/\/www.yonafogiel.be\/index.php\/wp-json\/wp\/v2\/pages\/108\/revisions\/174"}],"wp:attachment":[{"href":"https:\/\/www.yonafogiel.be\/index.php\/wp-json\/wp\/v2\/media?parent=108"}],"curies":[{"name":"wp","href":"https:\/\/api.w.org\/{rel}","templated":true}]}}